{"id":77916,"date":"2022-03-12T18:59:26","date_gmt":"2022-03-12T17:59:26","guid":{"rendered":"https:\/\/cogniconnect.fr\/politique-de-confidentialite\/"},"modified":"2022-03-12T18:59:26","modified_gmt":"2022-03-12T17:59:26","slug":"politique-de-confidentialite","status":"publish","type":"page","link":"https:\/\/cogniconnect.fr\/en\/politique-de-confidentialite\/","title":{"rendered":"Politique de confidentialit\u00e9"},"content":{"rendered":"\t\t<div data-elementor-type=\"wp-page\" data-elementor-id=\"77916\" class=\"elementor elementor-77916 elementor-3\">\n\t\t\t\t\t\t\t\t\t<section class=\"elementor-section elementor-top-section elementor-element elementor-element-525a92b3 elementor-section-boxed elementor-section-height-default elementor-section-height-default\" data-id=\"525a92b3\" data-element_type=\"section\">\n\t\t\t\t\t\t<div class=\"elementor-container elementor-column-gap-default\">\n\t\t\t\t\t<div class=\"elementor-column elementor-col-100 elementor-top-column elementor-element elementor-element-69ece8ef\" data-id=\"69ece8ef\" data-element_type=\"column\">\n\t\t\t<div class=\"elementor-widget-wrap elementor-element-populated\">\n\t\t\t\t\t\t\t\t<div class=\"elementor-element elementor-element-86ccd77 elementor-widget elementor-widget-spacer\" data-id=\"86ccd77\" data-element_type=\"widget\" data-widget_type=\"spacer.default\">\n\t\t\t\t<div class=\"elementor-widget-container\">\n\t\t\t\t\t<div class=\"elementor-spacer\">\n\t\t\t<div class=\"elementor-spacer-inner\"><\/div>\n\t\t<\/div>\n\t\t\t\t<\/div>\n\t\t\t\t<\/div>\n\t\t\t\t<div class=\"elementor-element elementor-element-36451cce elementor-widget elementor-widget-text-editor\" data-id=\"36451cce\" data-element_type=\"widget\" data-widget_type=\"text-editor.default\">\n\t\t\t\t<div class=\"elementor-widget-container\">\n\t\t\t\t\t\t\t<p><\/p>\n<h3>Qui sommes-nous\u00a0?<\/h3>\n<p><\/p>\n<p>L\u2019adresse de notre site est\u00a0: https:\/\/cogniconnect.fr.<\/p>\n<p><\/p>\n<h3>Commentaires<\/h3>\n<p><\/p>\n<p>Quand vous laissez un commentaire sur notre site, les donn\u00e9es inscrites dans le formulaire de commentaire, ainsi que votre adresse IP et l\u2019agent utilisateur de votre navigateur sont collect\u00e9s pour nous aider \u00e0 la d\u00e9tection des commentaires ind\u00e9sirables.<\/p>\n<p><\/p>\n<p>Une cha\u00eene anonymis\u00e9e cr\u00e9\u00e9e \u00e0 partir de votre adresse e-mail (\u00e9galement appel\u00e9e hash) peut \u00eatre envoy\u00e9e au service Gravatar pour v\u00e9rifier si vous utilisez ce dernier. Les clauses de confidentialit\u00e9 du service Gravatar sont disponibles ici\u00a0: https:\/\/automattic.com\/privacy\/. Apr\u00e8s validation de votre commentaire, votre photo de profil sera visible publiquement \u00e0 cot\u00e9 de votre commentaire.<\/p>\n<p><\/p>\n<h3>M\u00e9dias<\/h3>\n<p><\/p>\n<p>Si vous t\u00e9l\u00e9versez des images sur le site, nous vous conseillons d\u2019\u00e9viter de t\u00e9l\u00e9verser des images contenant des donn\u00e9es EXIF de coordonn\u00e9es GPS. Les personnes visitant votre site peuvent t\u00e9l\u00e9charger et extraire des donn\u00e9es de localisation depuis ces images.<\/p>\n<h3>Formulaires de contact<\/h3>\n<p>Les donn\u00e9es personnelles collect\u00e9es sur le site internet sont les suivantes :<\/p>\n<ul>\n<li>Nom<\/li>\n<li>Adresse e-mail<\/li>\n<li>Num\u00e9ro de t\u00e9l\u00e9phone<\/li>\n<\/ul>\n<p>Elles sont destin\u00e9es \u00e0 prendre connaissance de l\u2019internaute et de son besoin afin d\u2019\u00eatre en mesure de le contacter pour lui apporter une r\u00e9ponse pertinente.<\/p>\n<p><\/p>\n<h3>Cookies<\/h3>\n<p><\/p>\n<p>Si vous d\u00e9posez un commentaire sur notre site, il vous sera propos\u00e9 d\u2019enregistrer votre nom, adresse e-mail et site dans des cookies. C\u2019est uniquement pour votre confort afin de ne pas avoir \u00e0 saisir ces informations si vous d\u00e9posez un autre commentaire plus tard. Ces cookies expirent au bout d\u2019un an.<\/p>\n<p><\/p>\n<p>En modifiant ou en publiant une publication, un cookie suppl\u00e9mentaire sera enregistr\u00e9 dans votre navigateur. Ce cookie ne comprend aucune donn\u00e9e personnelle. Il indique simplement l\u2019ID de la publication que vous venez de modifier. Il expire au bout d\u2019un jour.<\/p>\n<p><\/p>\n<h3>Contenu embarqu\u00e9 depuis d\u2019autres sites<\/h3>\n<p><\/p>\n<p>Les articles de ce site peuvent inclure des contenus int\u00e9gr\u00e9s (par exemple des vid\u00e9os, images, articles\u2026). Le contenu int\u00e9gr\u00e9 depuis d\u2019autres sites se comporte de la m\u00eame mani\u00e8re que si le visiteur se rendait sur cet autre site.<\/p>\n<p><\/p>\n<p>Ces sites web pourraient collecter des donn\u00e9es sur vous, utiliser des cookies, embarquer des outils de suivis tiers, suivre vos interactions avec ces contenus embarqu\u00e9s si vous disposez d\u2019un compte connect\u00e9 sur leur site web.<\/p>\n<p><\/p>\n<h3>Statistiques et mesures d\u2019audience<\/h3>\n<p>Afin de suivre l\u2019audience de notre site internet, nous utilisons un compte Google Analytics.<\/p>\n<h3>Utilisation et transmission de vos donn\u00e9es personnelles<\/h3>\n<p>Les donn\u00e9es personnelles collect\u00e9es aupr\u00e8s des utilisateurs ont pour objectif la mise \u00e0 disposition des services de notre site internet, leur am\u00e9lioration et le maintien d\u2019un environnement s\u00e9curis\u00e9. La base l\u00e9gale des traitements est l\u2019ex\u00e9cution du contrat entre l\u2019utilisateur et le site internet. Plus pr\u00e9cis\u00e9ment, les utilisations sont les suivantes :<\/p>\n<ul>\n<li>acc\u00e8s et utilisation du site internet par l\u2019utilisateur ;<\/li>\n<li>gestion du fonctionnement et optimisation du site internet;<\/li>\n<li>mise en \u0153uvre d\u2019une assistance utilisateurs ;<\/li>\n<li>v\u00e9rification, identification et authentification des donn\u00e9es transmises par l\u2019utilisateur ;<\/li>\n<li>gestion des \u00e9ventuels litiges avec les utilisateurs ;<\/li>\n<li>envoi d\u2019informations commerciales et publicitaires, en fonction des pr\u00e9f\u00e9rences de l\u2019utilisateur.<\/li>\n<\/ul>\n<p>Les donn\u00e9es personnelles enregistr\u00e9es ne sont en aucun cas transmises \u00e0 des tiers (sauf accord pr\u00e9alable de l\u2019utilisateur). Seuls l\u2019\u00e9diteur, les administrateurs du site internet et l\u2019h\u00e9bergeur* ont acc\u00e8s aux donn\u00e9es personnelles.<\/p>\n<p>Nota: Les commentaires des visiteurs peuvent \u00eatre v\u00e9rifi\u00e9s \u00e0 l\u2019aide d\u2019un service automatis\u00e9 de d\u00e9tection des commentaires ind\u00e9sirables.<\/p>\n<h3>Dur\u00e9es de stockage de vos donn\u00e9es<\/h3>\n<p>Si vous laissez un commentaire, le commentaire et ses m\u00e9tadonn\u00e9es sont conserv\u00e9s ind\u00e9finiment. Cela permet de reconna\u00eetre et approuver automatiquement les commentaires suivants au lieu de les laisser dans la file de mod\u00e9ration.<\/p>\n<p>Pour les utilisateurs et utilisatrices qui s\u2019enregistrent sur notre site (si cela est possible), nous stockons \u00e9galement les donn\u00e9es personnelles indiqu\u00e9es dans leur profil. Tous les utilisateurs et utilisatrices peuvent voir, modifier ou supprimer leurs informations personnelles \u00e0 tout moment (\u00e0 l\u2019exception de leur nom d\u2019utilisateur(trice)). Les gestionnaires du site peuvent aussi voir et modifier ces informations.<\/p>\n<p>Les donn\u00e9es marketing sont enregistr\u00e9es pendant 3 ans maximum et les donn\u00e9es li\u00e9es \u00e0 la facturation pendant 6 ans maximum.<\/p>\n<h3>Les droits que vous avez sur vos donn\u00e9es<\/h3>\n<p>En application de la r\u00e9glementation applicable aux donn\u00e9es \u00e0 caract\u00e8re personnel, les utilisateurs disposent des droits suivants :<\/p>\n<ul>\n<li>Le droit d\u2019acc\u00e8s : ils peuvent exercer leur droit d\u2019acc\u00e8s, pour conna\u00eetre les donn\u00e9es personnelles les concernant, en \u00e9crivant \u00e0 l\u2019adresse \u00e9lectronique ci-dessous. Dans ce cas, avant la mise en \u0153uvre de ce droit, l\u2019\u00e9diteur peut demander une preuve de l\u2019identit\u00e9 de l\u2019utilisateur afin d\u2019en v\u00e9rifier l\u2019exactitude.<\/li>\n<li>Le droit de rectification: si les donn\u00e9es \u00e0 caract\u00e8re personnel d\u00e9tenues par l\u2019\u00e9diteur sont inexactes, ils peuvent demander la mise \u00e0 jour des informations.<\/li>\n<li>Le droit de suppression des donn\u00e9es: les utilisateurs peuvent demander la suppression de leurs donn\u00e9es \u00e0 caract\u00e8re personnel, conform\u00e9ment aux lois applicables en mati\u00e8re de protection des donn\u00e9es.<\/li>\n<li>Le droit \u00e0 la limitation du traitement : les utilisateurs peuvent demander \u00e0 l\u2019\u00e9diteur de limiter le traitement des donn\u00e9es personnelles conform\u00e9ment aux hypoth\u00e8ses pr\u00e9vues par le RGPD.<\/li>\n<li>Le droit de s\u2019opposer au traitement des donn\u00e9es : les utilisateurs peuvent s\u2019opposer \u00e0 ce que ses donn\u00e9es soient trait\u00e9es conform\u00e9ment aux hypoth\u00e8ses pr\u00e9vues par le RGPD.<\/li>\n<li>Le droit \u00e0 la portabilit\u00e9 : ils peuvent r\u00e9clamer que l\u2019\u00e9diteur leur remette les donn\u00e9es personnelles fournies pour les transmettre \u00e0 une nouvelle plateforme.<\/li>\n<\/ul>\n<h3>Comment nous prot\u00e9geons vos donn\u00e9es<\/h3>\n<p>Le recueil des donn\u00e9es \u00e0 caract\u00e8re personnel est r\u00e9alis\u00e9 en mode s\u00e9curis\u00e9.<\/p>\n<p>*Les donn\u00e9es personnelles sont enregistr\u00e9es aupr\u00e8s de notre h\u00e9bergeur O2Switch install\u00e9 \u00e0 clermont-Ferrand (France) et dont vous pouvez consulter la <a href=\"https:\/\/www.o2switch.fr\/du-rgpd.pdf\" target=\"_blank\" rel=\"noopener noreferrer\">politique de confidentialit\u00e9<\/a>.<\/p>\n<h3>Informations de contact<\/h3>\n<p>Pour toutes vos demandes relative \u00e0 la protection des donn\u00e9es personnelles, vous pouvez nous contacter par email \u00e0 l\u2019adresse :\u00a0<a href=\"mailto:contact@cogniconnect.fr\" target=\"_blank\" rel=\"noopener\">contact@cogniconnect.fr<\/a><\/p>\n<p><\/p>\t\t\t\t\t\t<\/div>\n\t\t\t\t<\/div>\n\t\t\t\t<div class=\"elementor-element elementor-element-d956019 elementor-widget elementor-widget-spacer\" data-id=\"d956019\" data-element_type=\"widget\" data-widget_type=\"spacer.default\">\n\t\t\t\t<div class=\"elementor-widget-container\">\n\t\t\t\t\t<div class=\"elementor-spacer\">\n\t\t\t<div class=\"elementor-spacer-inner\"><\/div>\n\t\t<\/div>\n\t\t\t\t<\/div>\n\t\t\t\t<\/div>\n\t\t\t\t\t<\/div>\n\t\t<\/div>\n\t\t\t\t\t\t\t<\/div>\n\t\t<\/section>\n\t\t\t\t\t\t\t<\/div>\n\t\t","protected":false},"excerpt":{"rendered":"<p>Qui sommes-nous\u00a0? L\u2019adresse de notre site est\u00a0: https:\/\/cogniconnect.fr. Commentaires Quand vous laissez un commentaire sur notre site, les donn\u00e9es inscrites dans le formulaire de commentaire, ainsi que votre adresse IP et l\u2019agent utilisateur de votre navigateur sont collect\u00e9s pour nous aider \u00e0 la d\u00e9tection des commentaires ind\u00e9sirables. Une cha\u00eene anonymis\u00e9e cr\u00e9\u00e9e \u00e0 partir de votre&hellip;<\/p>\n","protected":false},"author":1,"featured_media":0,"parent":0,"menu_order":0,"comment_status":"closed","ping_status":"open","template":"","meta":[],"yoast_head":"<!-- This site is optimized with the Yoast SEO plugin v20.5 - https:\/\/yoast.com\/wordpress\/plugins\/seo\/ -->\n<title>Politique de confidentialit\u00e9 - Cogniconnect<\/title>\n<meta name=\"robots\" content=\"index, follow, max-snippet:-1, max-image-preview:large, max-video-preview:-1\" \/>\n<link rel=\"canonical\" href=\"https:\/\/cogniconnect.fr\/en\/politique-de-confidentialite\/\" \/>\n<meta property=\"og:locale\" content=\"en_US\" \/>\n<meta property=\"og:type\" content=\"article\" \/>\n<meta property=\"og:title\" content=\"Politique de confidentialit\u00e9 - Cogniconnect\" \/>\n<meta property=\"og:description\" content=\"Qui sommes-nous\u00a0? L\u2019adresse de notre site est\u00a0: https:\/\/cogniconnect.fr. Commentaires Quand vous laissez un commentaire sur notre site, les donn\u00e9es inscrites dans le formulaire de commentaire, ainsi que votre adresse IP et l\u2019agent utilisateur de votre navigateur sont collect\u00e9s pour nous aider \u00e0 la d\u00e9tection des commentaires ind\u00e9sirables. Une cha\u00eene anonymis\u00e9e cr\u00e9\u00e9e \u00e0 partir de votre&hellip;\" \/>\n<meta property=\"og:url\" content=\"https:\/\/cogniconnect.fr\/en\/politique-de-confidentialite\/\" \/>\n<meta property=\"og:site_name\" content=\"Cogniconnect\" \/>\n<meta name=\"twitter:card\" content=\"summary_large_image\" \/>\n<meta name=\"twitter:label1\" content=\"Est. reading time\" \/>\n\t<meta name=\"twitter:data1\" content=\"5 minutes\" \/>\n<script type=\"application\/ld+json\" class=\"yoast-schema-graph\">{\"@context\":\"https:\/\/schema.org\",\"@graph\":[{\"@type\":\"WebPage\",\"@id\":\"https:\/\/cogniconnect.fr\/en\/politique-de-confidentialite\/\",\"url\":\"https:\/\/cogniconnect.fr\/en\/politique-de-confidentialite\/\",\"name\":\"Politique de confidentialit\u00e9 - Cogniconnect\",\"isPartOf\":{\"@id\":\"https:\/\/cogniconnect.fr\/#website\"},\"datePublished\":\"2022-03-12T17:59:26+00:00\",\"dateModified\":\"2022-03-12T17:59:26+00:00\",\"breadcrumb\":{\"@id\":\"https:\/\/cogniconnect.fr\/en\/politique-de-confidentialite\/#breadcrumb\"},\"inLanguage\":\"en-US\",\"potentialAction\":[{\"@type\":\"ReadAction\",\"target\":[\"https:\/\/cogniconnect.fr\/en\/politique-de-confidentialite\/\"]}]},{\"@type\":\"BreadcrumbList\",\"@id\":\"https:\/\/cogniconnect.fr\/en\/politique-de-confidentialite\/#breadcrumb\",\"itemListElement\":[{\"@type\":\"ListItem\",\"position\":1,\"name\":\"Accueil\",\"item\":\"https:\/\/cogniconnect.fr\/en\/\"},{\"@type\":\"ListItem\",\"position\":2,\"name\":\"Politique de confidentialit\u00e9\"}]},{\"@type\":\"WebSite\",\"@id\":\"https:\/\/cogniconnect.fr\/#website\",\"url\":\"https:\/\/cogniconnect.fr\/\",\"name\":\"Cogniconnect\",\"description\":\"Un site utilisant WordPress\",\"publisher\":{\"@id\":\"https:\/\/cogniconnect.fr\/#organization\"},\"potentialAction\":[{\"@type\":\"SearchAction\",\"target\":{\"@type\":\"EntryPoint\",\"urlTemplate\":\"https:\/\/cogniconnect.fr\/?s={search_term_string}\"},\"query-input\":\"required name=search_term_string\"}],\"inLanguage\":\"en-US\"},{\"@type\":\"Organization\",\"@id\":\"https:\/\/cogniconnect.fr\/#organization\",\"name\":\"Cogniconnect\",\"url\":\"https:\/\/cogniconnect.fr\/\",\"logo\":{\"@type\":\"ImageObject\",\"inLanguage\":\"en-US\",\"@id\":\"https:\/\/cogniconnect.fr\/#\/schema\/logo\/image\/\",\"url\":\"https:\/\/cogniconnect.fr\/wp-content\/uploads\/2020\/09\/logo-ag-01.svg\",\"contentUrl\":\"https:\/\/cogniconnect.fr\/wp-content\/uploads\/2020\/09\/logo-ag-01.svg\",\"width\":300,\"height\":300,\"caption\":\"Cogniconnect\"},\"image\":{\"@id\":\"https:\/\/cogniconnect.fr\/#\/schema\/logo\/image\/\"}}]}<\/script>\n<!-- \/ Yoast SEO plugin. -->","yoast_head_json":{"title":"Politique de confidentialit\u00e9 - Cogniconnect","robots":{"index":"index","follow":"follow","max-snippet":"max-snippet:-1","max-image-preview":"max-image-preview:large","max-video-preview":"max-video-preview:-1"},"canonical":"https:\/\/cogniconnect.fr\/en\/politique-de-confidentialite\/","og_locale":"en_US","og_type":"article","og_title":"Politique de confidentialit\u00e9 - Cogniconnect","og_description":"Qui sommes-nous\u00a0? L\u2019adresse de notre site est\u00a0: https:\/\/cogniconnect.fr. Commentaires Quand vous laissez un commentaire sur notre site, les donn\u00e9es inscrites dans le formulaire de commentaire, ainsi que votre adresse IP et l\u2019agent utilisateur de votre navigateur sont collect\u00e9s pour nous aider \u00e0 la d\u00e9tection des commentaires ind\u00e9sirables. Une cha\u00eene anonymis\u00e9e cr\u00e9\u00e9e \u00e0 partir de votre&hellip;","og_url":"https:\/\/cogniconnect.fr\/en\/politique-de-confidentialite\/","og_site_name":"Cogniconnect","twitter_card":"summary_large_image","twitter_misc":{"Est. reading time":"5 minutes"},"schema":{"@context":"https:\/\/schema.org","@graph":[{"@type":"WebPage","@id":"https:\/\/cogniconnect.fr\/en\/politique-de-confidentialite\/","url":"https:\/\/cogniconnect.fr\/en\/politique-de-confidentialite\/","name":"Politique de confidentialit\u00e9 - Cogniconnect","isPartOf":{"@id":"https:\/\/cogniconnect.fr\/#website"},"datePublished":"2022-03-12T17:59:26+00:00","dateModified":"2022-03-12T17:59:26+00:00","breadcrumb":{"@id":"https:\/\/cogniconnect.fr\/en\/politique-de-confidentialite\/#breadcrumb"},"inLanguage":"en-US","potentialAction":[{"@type":"ReadAction","target":["https:\/\/cogniconnect.fr\/en\/politique-de-confidentialite\/"]}]},{"@type":"BreadcrumbList","@id":"https:\/\/cogniconnect.fr\/en\/politique-de-confidentialite\/#breadcrumb","itemListElement":[{"@type":"ListItem","position":1,"name":"Accueil","item":"https:\/\/cogniconnect.fr\/en\/"},{"@type":"ListItem","position":2,"name":"Politique de confidentialit\u00e9"}]},{"@type":"WebSite","@id":"https:\/\/cogniconnect.fr\/#website","url":"https:\/\/cogniconnect.fr\/","name":"Cogniconnect","description":"Un site utilisant WordPress","publisher":{"@id":"https:\/\/cogniconnect.fr\/#organization"},"potentialAction":[{"@type":"SearchAction","target":{"@type":"EntryPoint","urlTemplate":"https:\/\/cogniconnect.fr\/?s={search_term_string}"},"query-input":"required name=search_term_string"}],"inLanguage":"en-US"},{"@type":"Organization","@id":"https:\/\/cogniconnect.fr\/#organization","name":"Cogniconnect","url":"https:\/\/cogniconnect.fr\/","logo":{"@type":"ImageObject","inLanguage":"en-US","@id":"https:\/\/cogniconnect.fr\/#\/schema\/logo\/image\/","url":"https:\/\/cogniconnect.fr\/wp-content\/uploads\/2020\/09\/logo-ag-01.svg","contentUrl":"https:\/\/cogniconnect.fr\/wp-content\/uploads\/2020\/09\/logo-ag-01.svg","width":300,"height":300,"caption":"Cogniconnect"},"image":{"@id":"https:\/\/cogniconnect.fr\/#\/schema\/logo\/image\/"}}]}},"_links":{"self":[{"href":"https:\/\/cogniconnect.fr\/en\/wp-json\/wp\/v2\/pages\/77916"}],"collection":[{"href":"https:\/\/cogniconnect.fr\/en\/wp-json\/wp\/v2\/pages"}],"about":[{"href":"https:\/\/cogniconnect.fr\/en\/wp-json\/wp\/v2\/types\/page"}],"author":[{"embeddable":true,"href":"https:\/\/cogniconnect.fr\/en\/wp-json\/wp\/v2\/users\/1"}],"replies":[{"embeddable":true,"href":"https:\/\/cogniconnect.fr\/en\/wp-json\/wp\/v2\/comments?post=77916"}],"version-history":[{"count":0,"href":"https:\/\/cogniconnect.fr\/en\/wp-json\/wp\/v2\/pages\/77916\/revisions"}],"wp:attachment":[{"href":"https:\/\/cogniconnect.fr\/en\/wp-json\/wp\/v2\/media?parent=77916"}],"curies":[{"name":"wp","href":"https:\/\/api.w.org\/{rel}","templated":true}]}}